{"id":7084,"date":"2024-09-19T19:17:38","date_gmt":"2024-09-19T18:17:38","guid":{"rendered":"https:\/\/wineshoppers.net\/?post_type=product&#038;p=7084"},"modified":"2024-09-28T13:30:12","modified_gmt":"2024-09-28T12:30:12","slug":"cattier-champagne-france-glamour","status":"publish","type":"product","link":"https:\/\/wineshoppers.net\/index.php\/product\/cattier-champagne-france-glamour\/","title":{"rendered":"Cattier Champagne France Glamour 750ml"},"content":{"rendered":"","protected":false},"excerpt":{"rendered":"<p>Le\u00a0<b>champagne Glamour Cattier<\/b>\u00a0est un\u00a0<b>champagne<\/b>\u00a0de fin de soir\u00e9e. Il peut accompagner un foie gras au pain d&#8217;\u00e9pices mais \u00e9galement un plat l\u00e9g\u00e8rement \u00e9pic\u00e9 comme un butter chicken ou un biryani et bien \u00e9videmment des desserts.<\/p>\n","protected":false},"featured_media":7085,"comment_status":"open","ping_status":"closed","template":"","meta":{"_eb_attr":"","om_disable_all_campaigns":false,"_monsterinsights_skip_tracking":false,"_monsterinsights_sitenote_active":false,"_monsterinsights_sitenote_note":"","_monsterinsights_sitenote_category":0,"site-sidebar-layout":"default","site-content-layout":"","ast-site-content-layout":"default","site-content-style":"default","site-sidebar-style":"default","ast-global-header-display":"","ast-banner-title-visibility":"","ast-main-header-display":"","ast-hfb-above-header-display":"","ast-hfb-below-header-display":"","ast-hfb-mobile-header-display":"","site-post-title":"","ast-breadcrumbs-content":"","ast-featured-img":"","footer-sml-layout":"","theme-transparent-header-meta":"default","adv-header-id-meta":"","stick-header-meta":"default","header-above-stick-meta":"","header-main-stick-meta":"","header-below-stick-meta":"","astra-migrate-meta-layouts":"set","ast-page-background-enabled":"default","ast-page-background-meta":{"desktop":{"background-color":"","background-image":"","background-repeat":"repeat","background-position":"center center","background-size":"auto","background-attachment":"scroll","background-type":"","background-media":"","overlay-type":"","overlay-color":"","overlay-opacity":"","overlay-gradient":""},"tablet":{"background-color":"","background-image":"","background-repeat":"repeat","background-position":"center center","background-size":"auto","background-attachment":"scroll","background-type":"","background-media":"","overlay-type":"","overlay-color":"","overlay-opacity":"","overlay-gradient":""},"mobile":{"background-color":"","background-image":"","background-repeat":"repeat","background-position":"center center","background-size":"auto","background-attachment":"scroll","background-type":"","background-media":"","overlay-type":"","overlay-color":"","overlay-opacity":"","overlay-gradient":""}},"ast-content-background-meta":{"desktop":{"background-color":"var(--ast-global-color-5)","background-image":"","background-repeat":"repeat","background-position":"center center","background-size":"auto","background-attachment":"scroll","background-type":"","background-media":"","overlay-type":"","overlay-color":"","overlay-opacity":"","overlay-gradient":""},"tablet":{"background-color":"var(--ast-global-color-5)","background-image":"","background-repeat":"repeat","background-position":"center center","background-size":"auto","background-attachment":"scroll","background-type":"","background-media":"","overlay-type":"","overlay-color":"","overlay-opacity":"","overlay-gradient":""},"mobile":{"background-color":"var(--ast-global-color-5)","background-image":"","background-repeat":"repeat","background-position":"center center","background-size":"auto","background-attachment":"scroll","background-type":"","background-media":"","overlay-type":"","overlay-color":"","overlay-opacity":"","overlay-gradient":""}}},"product_cat":[87],"product_tag":[],"aioseo_notices":[],"jetpack_sharing_enabled":true,"_links":{"self":[{"href":"https:\/\/wineshoppers.net\/index.php\/wp-json\/wp\/v2\/product\/7084"}],"collection":[{"href":"https:\/\/wineshoppers.net\/index.php\/wp-json\/wp\/v2\/product"}],"about":[{"href":"https:\/\/wineshoppers.net\/index.php\/wp-json\/wp\/v2\/types\/product"}],"replies":[{"embeddable":true,"href":"https:\/\/wineshoppers.net\/index.php\/wp-json\/wp\/v2\/comments?post=7084"}],"version-history":[{"count":2,"href":"https:\/\/wineshoppers.net\/index.php\/wp-json\/wp\/v2\/product\/7084\/revisions"}],"predecessor-version":[{"id":7920,"href":"https:\/\/wineshoppers.net\/index.php\/wp-json\/wp\/v2\/product\/7084\/revisions\/7920"}],"wp:featuredmedia":[{"embeddable":true,"href":"https:\/\/wineshoppers.net\/index.php\/wp-json\/wp\/v2\/media\/7085"}],"wp:attachment":[{"href":"https:\/\/wineshoppers.net\/index.php\/wp-json\/wp\/v2\/media?parent=7084"}],"wp:term":[{"taxonomy":"product_cat","embeddable":true,"href":"https:\/\/wineshoppers.net\/index.php\/wp-json\/wp\/v2\/product_cat?post=7084"},{"taxonomy":"product_tag","embeddable":true,"href":"https:\/\/wineshoppers.net\/index.php\/wp-json\/wp\/v2\/product_tag?post=7084"}],"curies":[{"name":"wp","href":"https:\/\/api.w.org\/{rel}","templated":true}]}}